{"id":705,"date":"2021-09-04T18:30:18","date_gmt":"2021-09-04T22:30:18","guid":{"rendered":"https:\/\/djelytapa.com\/?page_id=705"},"modified":"2026-05-09T15:36:11","modified_gmt":"2026-05-09T19:36:11","slug":"bio","status":"publish","type":"page","link":"https:\/\/djelytapa.com\/en\/bio\/","title":{"rendered":"Bio"},"content":{"rendered":"\t\t<div data-elementor-type=\"wp-page\" data-elementor-id=\"705\" class=\"elementor elementor-705\" data-elementor-post-type=\"page\">\n\t\t\t\t<div class=\"elementor-element elementor-element-a429f3a e-con-full e-flex e-con e-parent\" data-id=\"a429f3a\" data-element_type=\"container\" data-e-type=\"container\" data-settings=\"{&quot;background_background&quot;:&quot;gradient&quot;}\">\n\t\t<div class=\"elementor-element elementor-element-fb27822 e-con-full e-flex e-con e-child\" data-id=\"fb27822\" data-element_type=\"container\" data-e-type=\"container\" data-settings=\"{&quot;background_background&quot;:&quot;classic&quot;}\">\n\t\t\t\t<div class=\"elementor-element elementor-element-2b03924 elementor-widget elementor-widget-heading\" data-id=\"2b03924\" data-element_type=\"widget\" data-e-type=\"widget\" data-widget_type=\"heading.default\">\n\t\t\t\t\t<h1 class=\"elementor-heading-title elementor-size-default\">Bio<\/h1>\t\t\t\t<\/div>\n\t\t\t\t<div class=\"elementor-element elementor-element-07008af elementor-widget elementor-widget-heading\" data-id=\"07008af\" data-element_type=\"widget\" data-e-type=\"widget\" data-widget_type=\"heading.default\">\n\t\t\t\t\t<h2 class=\"elementor-heading-title elementor-size-default\">De la voix des anc\u00eatres \u00e0 la voix du futur<\/h2>\t\t\t\t<\/div>\n\t\t\t\t<div class=\"elementor-element elementor-element-0391ead elementor-blockquote--skin-quotation elementor-blockquote--align-center elementor-hidden-tablet elementor-widget elementor-widget-blockquote\" data-id=\"0391ead\" data-element_type=\"widget\" data-e-type=\"widget\" data-widget_type=\"blockquote.default\">\n\t\t\t\t\t\t\t<blockquote class=\"elementor-blockquote\">\n\t\t\t<p class=\"elementor-blockquote__content\">\n\t\t\t\tOn nait griotte, mais artiste, on le devient\t\t\t<\/p>\n\t\t\t\t\t\t\t<div class=\"e-q-footer\">\n\t\t\t\t\t\t\t\t\t\t\t<cite class=\"elementor-blockquote__author\">- Djely Tapa<\/cite>\n\t\t\t\t\t\t\t\t\t\t\t\t\t\t<\/div>\n\t\t\t\t\t<\/blockquote>\n\t\t\t\t\t\t<\/div>\n\t\t\t\t<div class=\"elementor-element elementor-element-2099647 elementor-widget elementor-widget-text-editor\" data-id=\"2099647\" data-element_type=\"widget\" data-e-type=\"widget\" data-widget_type=\"text-editor.default\">\n\t\t\t\t\t\t\t\t\t<p>Djely Tapa est une <b>auteure-compositrice-interpr\u00e8te<\/b> bas\u00e9e \u00e0 Montr\u00e9al au Qu\u00e9bec. Son premier album, <b>Barokan<\/b>, forg\u00e9 dans le blues africain, les ambiances sah\u00e9liennes et infus\u00e9 d\u2019\u00e9lectro, a remport\u00e9 en 2020 le <b>JUNO du meilleur album canadien en musique du monde<\/b>.<\/p>\n<p>Djely Tapa est n\u00e9e dans la r\u00e9gion de Kayes dans l\u2019ouest au Mali, dans une illustre famille de griots (<i>djely <\/i>en malink\u00e9 \u2013 les h\u00e9ritiers de traditions artistiques multis\u00e9culaires). Sa m\u00e8re, Kandia Kouyat\u00e9, est reconnue comme l\u2019une des grandes voix contemporaines du Mali et son p\u00e8re, Djely Bouya Diarra, \u00e9tait un l\u00e9gendaire danseur et chanteur. Elle a toujours chant\u00e9, dans\u00e9 et cont\u00e9. Venue au Canada pour y poursuivre ses \u00e9tudes en a\u00e9ronautique, elle est rapidement rattrap\u00e9e par la musique. Pendant plus d\u2019une d\u00e9cennie, elle se produit aux c\u00f4t\u00e9s de nombreux artistes dans les grands \u00e9v\u00e8nements du pays (<b>Zal Idrissa Sissokho<\/b>, <b>Aboulaye Kon\u00e9 et Bolokan<\/b>, <b>Cirque Kalabant\u00e9<\/b>, etc.).<\/p>\n<p>En parall\u00e8le, Djely Tapa dirige plusieurs projets qui lui permettent de perp\u00e9tuer la tradition classique mandingue et d\u2019explorer la cr\u00e9ation. En 2018, elle d\u00e9cide d\u2019entreprendre une carri\u00e8re solo. Elle se donne comme double d\u00e9fi d\u2019\u00eatre \u00e0 la fois ambassadrice de la <i>djeliya<\/i> &#8211; l\u2019art de la griotique &#8211; et exploratrice de nouvelles formes musicales. Elle lance <b>Barokan<\/b>\u00a0en 2019, un premier opus de 11 titres imbib\u00e9s d\u2019afrofuturisme, r\u00e9alis\u00e9 par <b>Caleb Rimtobaye<\/b> (<a href=\"https:\/\/www.afrotronix.com\/\"><span><b>AfrotroniX<\/b><\/span><\/a>) et <b>Eli Levinson<\/b>. Sur sc\u00e8ne, elle s\u2019accompagne de formidables musiciens. Salu\u00e9e par la critique et le public au Canada comme \u00e0 l\u2019international, Djely Tapa remporte plusieurs prix dont le JUNO du meilleur album canadien en musique du monde. Fin 2020, l\u2019album <b>Barokan (\u00e9dition Deluxe)<\/b> para\u00eet en Europe avec un titre in\u00e9dit, \u00ab\u00a0<b><i>Biriko Spirit<\/i><\/b>\u00a0\u00bb, r\u00e9alis\u00e9 par <b>Jean Massicotte<\/b> (Lhasa de Sela, Arthur H, etc.). La tourn\u00e9e europ\u00e9enne est report\u00e9e \u00e0 2022 en raison de la pand\u00e9mie.<\/p>\n<p>La chanteuse a de nombreuses collaborations \u00e0 son actif. Elle a partag\u00e9 la sc\u00e8ne avec des artistes comme <b>Sylvie Desgroseillers<\/b> (Qu\u00e9bec), <b>Patrice Michaud<\/b> (Qu\u00e9bec), <b>Oumou Sangare<\/b> (Mali), <b>Tonana<\/b> (Mexique), <b>Moustafa Kouyat\u00e9<\/b> et <b>Romain Malagnoux<\/b> (Mali\/Qu\u00e9bec). Elle a r\u00e9alis\u00e9 plusieurs tourn\u00e9es au Mexique et en Colombie \u00e0 titre d\u2019invit\u00e9e, et deux tourn\u00e9es en Europe et \u00e0 l\u2019international en tant que choriste avec le super groupe, <b>Les Amazones d\u2019Afrique<\/b>. En 2019, Djely Tapa \u00e9tait l\u2019invit\u00e9e de <b>Tiken Jah Fakoly<\/b> pour reprendre la pi\u00e8ce, \u00ab\u00a0<i>Le monde est chaud<\/i>\u00a0\u00bb, au studio 12 de Radio-Canada, ainsi que du<b> Idan Raichel Project<\/b> \u00e0 l\u2019Olympia de Paris. Elle collaborait avec le compositeur <b>Sangit<\/b> sur le titre, \u00ab\u00a0<i>Child of War<\/i>\u00a0\u00bb, et elle enregistrait une pi\u00e8ce avec <b>Ramon Chicharron<\/b>,<b> <\/b>\u00ab\u00a0<i>Recuerdos<\/i>\u00a0\u00bb. Depuis 2017, Djely Tapa incarne \u00e9galement la voix principale du groupe montr\u00e9alais, <b>Afrikana Soul Sister<\/b>.<\/p>\n<p>La voix puissante et haut-perch\u00e9e, le d\u00e9bit incandescent et le geste \u00e9l\u00e9gant, Djely Tapa explore un langage tourn\u00e9 sur le monde et vers l\u2019avenir, qui fait la synth\u00e8se de ses h\u00e9ritages musicaux, transcend\u00e9 de sons actuels et \u00e9lectro. Ses chansons portent un message de force, d\u2019amour, d\u2019espoir, et elles se font l\u2019\u00e9cho de luttes f\u00e9ministes et sociales. On la retrouve d\u2019ailleurs en tant que porte-parole de plusieurs causes et campagnes de sensibilisation. La cantatrice chante principalement dans les langues malink\u00e9, bambara, khassonk\u00e9, et parfois en fran\u00e7ais.<\/p>\t\t\t\t\t\t\t\t<\/div>\n\t\t\t\t<\/div>\n\t\t<div class=\"elementor-element elementor-element-918a3b1 e-con-full e-flex e-con e-child\" data-id=\"918a3b1\" data-element_type=\"container\" data-e-type=\"container\">\n\t\t<div class=\"elementor-element elementor-element-e00963d e-con-full e-flex e-con e-child\" data-id=\"e00963d\" data-element_type=\"container\" data-e-type=\"container\" data-settings=\"{&quot;sticky&quot;:&quot;top&quot;,&quot;sticky_on&quot;:[&quot;desktop&quot;,&quot;tablet&quot;],&quot;sticky_offset_tablet&quot;:100,&quot;sticky_offset&quot;:0,&quot;sticky_effects_offset&quot;:0,&quot;sticky_anchor_link_offset&quot;:0}\">\n\t\t<div class=\"elementor-element elementor-element-dc7bcf6 e-con-full e-flex e-con e-child\" data-id=\"dc7bcf6\" data-element_type=\"container\" data-e-type=\"container\">\n\t\t\t\t<div class=\"elementor-element elementor-element-ec96dc1 elementor-widget elementor-widget-image\" data-id=\"ec96dc1\" data-element_type=\"widget\" data-e-type=\"widget\" data-widget_type=\"image.default\">\n\t\t\t\t\t\t\t\t\t\t\t\t\t\t\t<img fetchpriority=\"high\" decoding=\"async\" width=\"764\" height=\"1024\" src=\"https:\/\/b2429548.smushcdn.com\/2429548\/wp-content\/uploads\/2021\/08\/Djely-118-Edit-764x1024.png?lossy=1&strip=1&webp=1\" class=\"attachment-large size-large wp-image-556\" alt=\"\" srcset=\"https:\/\/b2429548.smushcdn.com\/2429548\/wp-content\/uploads\/2021\/08\/Djely-118-Edit-764x1024.png?lossy=1&strip=1&webp=1 764w, https:\/\/b2429548.smushcdn.com\/2429548\/wp-content\/uploads\/2021\/08\/Djely-118-Edit-224x300.png?lossy=1&strip=1&webp=1 224w, https:\/\/b2429548.smushcdn.com\/2429548\/wp-content\/uploads\/2021\/08\/Djely-118-Edit-768x1030.png?lossy=1&strip=1&webp=1 768w, https:\/\/b2429548.smushcdn.com\/2429548\/wp-content\/uploads\/2021\/08\/Djely-118-Edit.png?lossy=1&strip=1&webp=1 1044w, https:\/\/b2429548.smushcdn.com\/2429548\/wp-content\/uploads\/2021\/08\/Djely-118-Edit.png?size=160x214&lossy=1&strip=1&webp=1 160w, https:\/\/b2429548.smushcdn.com\/2429548\/wp-content\/uploads\/2021\/08\/Djely-118-Edit.png?size=320x429&lossy=1&strip=1&webp=1 320w, https:\/\/b2429548.smushcdn.com\/2429548\/wp-content\/uploads\/2021\/08\/Djely-118-Edit.png?size=480x643&lossy=1&strip=1&webp=1 480w, https:\/\/b2429548.smushcdn.com\/2429548\/wp-content\/uploads\/2021\/08\/Djely-118-Edit.png?size=640x858&lossy=1&strip=1&webp=1 640w\" sizes=\"(max-width: 764px) 100vw, 764px\" \/>\t\t\t\t\t\t\t\t\t\t\t\t\t\t\t<\/div>\n\t\t\t\t<div class=\"elementor-element elementor-element-335ef3b elementor-blockquote--skin-quotation elementor-blockquote--align-center elementor-hidden-desktop elementor-hidden-mobile elementor-widget elementor-widget-blockquote\" data-id=\"335ef3b\" data-element_type=\"widget\" data-e-type=\"widget\" data-widget_type=\"blockquote.default\">\n\t\t\t\t\t\t\t<blockquote class=\"elementor-blockquote\">\n\t\t\t<p class=\"elementor-blockquote__content\">\n\t\t\t\tOn nait griotte, mais artiste, on le devient\t\t\t<\/p>\n\t\t\t\t\t\t\t<div class=\"e-q-footer\">\n\t\t\t\t\t\t\t\t\t\t\t<cite class=\"elementor-blockquote__author\">- Djely Tapa<\/cite>\n\t\t\t\t\t\t\t\t\t\t\t\t\t\t<\/div>\n\t\t\t\t\t<\/blockquote>\n\t\t\t\t\t\t<\/div>\n\t\t\t\t<\/div>\n\t\t\t\t<\/div>\n\t\t\t\t<\/div>\n\t\t\t\t<\/div>\n\t\t\t\t<\/div>\n\t\t","protected":false},"excerpt":{"rendered":"<p>Bio De la voix des anc\u00eatres \u00e0 la voix du futur On nait griotte, mais artiste, on le devient &#8211; Djely Tapa Djely Tapa est une auteure-compositrice-interpr\u00e8te bas\u00e9e \u00e0 Montr\u00e9al au Qu\u00e9bec. Son premier album, Barokan, forg\u00e9 dans le blues africain, les ambiances sah\u00e9liennes et infus\u00e9 d\u2019\u00e9lectro, a remport\u00e9 en 2020 le JUNO du meilleur [&hellip;]<\/p>\n","protected":false},"author":1,"featured_media":0,"parent":0,"menu_order":0,"comment_status":"closed","ping_status":"closed","template":"elementor_header_footer","meta":{"footnotes":""},"class_list":["post-705","page","type-page","status-publish","hentry"],"meta_box":[],"_links":{"self":[{"href":"https:\/\/djelytapa.com\/en\/wp-json\/wp\/v2\/pages\/705","targetHints":{"allow":["GET"]}}],"collection":[{"href":"https:\/\/djelytapa.com\/en\/wp-json\/wp\/v2\/pages"}],"about":[{"href":"https:\/\/djelytapa.com\/en\/wp-json\/wp\/v2\/types\/page"}],"author":[{"embeddable":true,"href":"https:\/\/djelytapa.com\/en\/wp-json\/wp\/v2\/users\/1"}],"replies":[{"embeddable":true,"href":"https:\/\/djelytapa.com\/en\/wp-json\/wp\/v2\/comments?post=705"}],"version-history":[{"count":0,"href":"https:\/\/djelytapa.com\/en\/wp-json\/wp\/v2\/pages\/705\/revisions"}],"wp:attachment":[{"href":"https:\/\/djelytapa.com\/en\/wp-json\/wp\/v2\/media?parent=705"}],"curies":[{"name":"wp","href":"https:\/\/api.w.org\/{rel}","templated":true}]}}